{"id":85,"date":"2026-01-03T15:38:34","date_gmt":"2026-01-03T15:38:34","guid":{"rendered":"https:\/\/oneforces.space\/?page_id=85"},"modified":"2026-01-08T18:03:39","modified_gmt":"2026-01-08T18:03:39","slug":"acueil","status":"publish","type":"page","link":"https:\/\/oneforces.space\/","title":{"rendered":"Accueil"},"content":{"rendered":"\t\t<div data-elementor-type=\"wp-page\" data-elementor-id=\"85\" class=\"elementor elementor-85\" data-elementor-post-type=\"page\">\n\t\t\t\t<div class=\"elementor-element elementor-element-d94a770 e-flex e-con-boxed e-con e-parent\" data-id=\"d94a770\" data-element_type=\"container\" data-e-type=\"container\" data-settings=\"{&quot;background_background&quot;:&quot;classic&quot;}\">\n\t\t\t\t\t<div class=\"e-con-inner\">\n\t\t<div class=\"elementor-element elementor-element-99cbb0d e-con-full e-flex e-con e-child\" data-id=\"99cbb0d\" data-element_type=\"container\" data-e-type=\"container\">\n\t\t\t\t<div class=\"elementor-element elementor-element-ce3dfda elementor-widget elementor-widget-image\" data-id=\"ce3dfda\" data-element_type=\"widget\" data-e-type=\"widget\" data-widget_type=\"image.default\">\n\t\t\t\t\t\t\t\t\t\t\t\t\t\t\t<img fetchpriority=\"high\" decoding=\"async\" width=\"1024\" height=\"1024\" src=\"https:\/\/oneforces.space\/wp-content\/uploads\/2026\/01\/logo-de-cercle-100.png\" class=\"attachment-large size-large wp-image-90\" alt=\"\" srcset=\"https:\/\/oneforces.space\/wp-content\/uploads\/2026\/01\/logo-de-cercle-100.png 1024w, https:\/\/oneforces.space\/wp-content\/uploads\/2026\/01\/logo-de-cercle-100-300x300.png 300w, https:\/\/oneforces.space\/wp-content\/uploads\/2026\/01\/logo-de-cercle-100-150x150.png 150w, https:\/\/oneforces.space\/wp-content\/uploads\/2026\/01\/logo-de-cercle-100-768x768.png 768w, https:\/\/oneforces.space\/wp-content\/uploads\/2026\/01\/logo-de-cercle-100-508x508.png 508w, https:\/\/oneforces.space\/wp-content\/uploads\/2026\/01\/logo-de-cercle-100-600x600.png 600w, https:\/\/oneforces.space\/wp-content\/uploads\/2026\/01\/logo-de-cercle-100-100x100.png 100w\" sizes=\"100vw\" \/>\t\t\t\t\t\t\t\t\t\t\t\t\t\t\t<\/div>\n\t\t\t\t<div class=\"elementor-element elementor-element-e244a4c elementor-widget elementor-widget-text-editor\" data-id=\"e244a4c\" data-element_type=\"widget\" data-e-type=\"widget\" data-widget_type=\"text-editor.default\">\n\t\t\t\t\t\t\t\t\t<ul><li data-start=\"1424\" data-end=\"1448\"><p data-start=\"1426\" data-end=\"1448\">\u2705 5 sections maximum<\/p><\/li><li data-start=\"1449\" data-end=\"1467\"><p data-start=\"1451\" data-end=\"1467\">\u2705 Tr\u00e8s lisible<\/p><\/li><li data-start=\"1468\" data-end=\"1492\"><p data-start=\"1470\" data-end=\"1492\">\u2705 Tr\u00e8s professionnel<\/p><\/li><li data-start=\"1493\" data-end=\"1533\"><p data-start=\"1495\" data-end=\"1533\">\u2705 Facile \u00e0 construire dans Elementor<\/p><\/li><li data-start=\"1534\" data-end=\"1556\"><p data-start=\"1536\" data-end=\"1556\">\u2705 \u00c9volutif plus tard<\/p><\/li><\/ul>\t\t\t\t\t\t\t\t<\/div>\n\t\t<div class=\"elementor-element elementor-element-1c6c831 e-con-full e-flex e-con e-child\" data-id=\"1c6c831\" data-element_type=\"container\" data-e-type=\"container\">\n\t\t\t\t<\/div>\n\t\t\t\t<\/div>\n\t\t<div class=\"elementor-element elementor-element-a622bfc e-con-full e-flex e-con e-child\" data-id=\"a622bfc\" data-element_type=\"container\" data-e-type=\"container\">\n\t\t<div class=\"elementor-element elementor-element-1b23d2d e-con-full e-flex e-con e-child\" data-id=\"1b23d2d\" data-element_type=\"container\" data-e-type=\"container\">\n\t\t\t\t<div class=\"elementor-element elementor-element-f2a101d elementor-widget elementor-widget-heading\" data-id=\"f2a101d\" data-element_type=\"widget\" data-e-type=\"widget\" data-widget_type=\"heading.default\">\n\t\t\t\t\t<h2 class=\"elementor-heading-title elementor-size-default\">Cercle 100<\/h2>\t\t\t\t<\/div>\n\t\t<div class=\"elementor-element elementor-element-3ee215a e-con-full e-flex e-con e-child\" data-id=\"3ee215a\" data-element_type=\"container\" data-e-type=\"container\">\n\t\t\t\t<div class=\"elementor-element elementor-element-4a690ba elementor-widget elementor-widget-text-editor\" data-id=\"4a690ba\" data-element_type=\"widget\" data-e-type=\"widget\" data-widget_type=\"text-editor.default\">\n\t\t\t\t\t\t\t\t\t<p>Une contribution collective pour cr\u00e9er des <strong data-start=\"563\" data-end=\"581\">Nomad Stations<\/strong>,<br data-start=\"582\" data-end=\"585\" \/>op\u00e9r\u00e9es sur la plateforme <strong data-start=\"613\" data-end=\"625\">OneForce<\/strong>.<\/p>\t\t\t\t\t\t\t\t<\/div>\n\t\t\t\t<\/div>\n\t\t\t\t<\/div>\n\t\t<div class=\"elementor-element elementor-element-0bd8afa e-con-full e-flex e-con e-child\" data-id=\"0bd8afa\" data-element_type=\"container\" data-e-type=\"container\">\n\t\t\t\t<div class=\"elementor-element elementor-element-de073ec elementor-widget elementor-widget-text-editor\" data-id=\"de073ec\" data-element_type=\"widget\" data-e-type=\"widget\" data-widget_type=\"text-editor.default\">\n\t\t\t\t\t\t\t\t\t<p>Cercle 100 r\u00e9unit des personnes qui contribuent chaque mois<br data-start=\"804\" data-end=\"807\" \/>pour financer et d\u00e9velopper des lieux r\u00e9els de travail,<br data-start=\"864\" data-end=\"867\" \/>appel\u00e9s <strong data-start=\"877\" data-end=\"895\">Nomad Stations<\/strong>.<\/p>\t\t\t\t\t\t\t\t<\/div>\n\t\t\t\t<\/div>\n\t\t<div class=\"elementor-element elementor-element-88105c3 e-con-full e-flex e-con e-child\" data-id=\"88105c3\" data-element_type=\"container\" data-e-type=\"container\">\n\t\t<div class=\"elementor-element elementor-element-62f6f0b e-con-full e-flex e-con e-child\" data-id=\"62f6f0b\" data-element_type=\"container\" data-e-type=\"container\">\n\t\t\t\t<div class=\"elementor-element elementor-element-c7bfba6 elementor-widget elementor-widget-text-editor\" data-id=\"c7bfba6\" data-element_type=\"widget\" data-e-type=\"widget\" data-widget_type=\"text-editor.default\">\n\t\t\t\t\t\t\t\t\t<ul><li data-start=\"983\" data-end=\"1001\"><p data-start=\"985\" data-end=\"1001\">\ud83d\udc65 100 membres<\/p><\/li><li data-start=\"1002\" data-end=\"1031\"><p data-start=\"1004\" data-end=\"1031\">\ud83d\udca0 Contribution mensuelle<\/p><\/li><li data-start=\"1032\" data-end=\"1064\"><p data-start=\"1034\" data-end=\"1064\">\ud83c\udfd7\ufe0f Cr\u00e9ation de Nomad Stations<\/p><\/li><\/ul>\t\t\t\t\t\t\t\t<\/div>\n\t\t\t\t<\/div>\n\t\t\t\t<div class=\"elementor-element elementor-element-c3325a4 elementor-widget elementor-widget-text-editor\" data-id=\"c3325a4\" data-element_type=\"widget\" data-e-type=\"widget\" data-widget_type=\"text-editor.default\">\n\t\t\t\t\t\t\t\t\t<p>Toute l\u2019organisation, la coordination et la transparence<br data-start=\"1184\" data-end=\"1187\" \/>sont assur\u00e9es via la plateforme <strong data-start=\"1221\" data-end=\"1233\">OneForce<\/strong>.<\/p>\t\t\t\t\t\t\t\t<\/div>\n\t\t\t\t<div class=\"elementor-element elementor-element-9d4281b elementor-align-center elementor-widget elementor-widget-button\" data-id=\"9d4281b\" data-element_type=\"widget\" data-e-type=\"widget\" data-widget_type=\"button.default\">\n\t\t\t\t\t\t\t\t\t\t<a class=\"elementor-button elementor-button-link elementor-size-sm\" href=\"https:\/\/oneforces.space\/?page_id=373\">\n\t\t\t\t\t\t<span class=\"elementor-button-content-wrapper\">\n\t\t\t\t\t\t<span class=\"elementor-button-icon\">\n\t\t\t\t<svg aria-hidden=\"true\" class=\"e-font-icon-svg e-far-dot-circle\" viewBox=\"0 0 512 512\" xmlns=\"http:\/\/www.w3.org\/2000\/svg\"><path d=\"M256 56c110.532 0 200 89.451 200 200 0 110.532-89.451 200-200 200-110.532 0-200-89.451-200-200 0-110.532 89.451-200 200-200m0-48C119.033 8 8 119.033 8 256s111.033 248 248 248 248-111.033 248-248S392.967 8 256 8zm0 168c-44.183 0-80 35.817-80 80s35.817 80 80 80 80-35.817 80-80-35.817-80-80-80z\"><\/path><\/svg>\t\t\t<\/span>\n\t\t\t\t\t\t\t\t\t<span class=\"elementor-button-text\">\ud83d\udd18 D\u00e9couvrir OneForce<\/span>\n\t\t\t\t\t<\/span>\n\t\t\t\t\t<\/a>\n\t\t\t\t\t\t\t\t<\/div>\n\t\t\t\t<div class=\"elementor-element elementor-element-d724f0e elementor-widget elementor-widget-spacer\" data-id=\"d724f0e\" data-element_type=\"widget\" data-e-type=\"widget\" data-widget_type=\"spacer.default\">\n\t\t\t\t\t\t\t<div class=\"elementor-spacer\">\n\t\t\t<div class=\"elementor-spacer-inner\"><\/div>\n\t\t<\/div>\n\t\t\t\t\t\t<\/div>\n\t\t\t\t<\/div>\n\t\t\t\t<\/div>\n\t\t<div class=\"elementor-element elementor-element-0a38384 e-con-full e-flex e-con e-child\" data-id=\"0a38384\" data-element_type=\"container\" data-e-type=\"container\">\n\t\t\t\t<\/div>\n\t\t<div class=\"elementor-element elementor-element-7e35948 e-con-full e-flex e-con e-child\" data-id=\"7e35948\" data-element_type=\"container\" data-e-type=\"container\">\n\t\t\t\t<\/div>\n\t\t<div class=\"elementor-element elementor-element-79d1ff4 e-con-full e-flex e-con e-child\" data-id=\"79d1ff4\" data-element_type=\"container\" data-e-type=\"container\">\n\t\t\t\t<\/div>\n\t\t\t\t\t<\/div>\n\t\t\t\t<\/div>\n\t\t\t\t<\/div>\n\t\t","protected":false},"excerpt":{"rendered":"<p>\u2705 5 sections maximum \u2705 Tr\u00e8s lisible \u2705 Tr\u00e8s professionnel \u2705 Facile \u00e0 construire dans Elementor \u2705 \u00c9volutif plus tard Cercle 100 Une contribution collective pour cr\u00e9er des Nomad Stations,op\u00e9r\u00e9es [&hellip;]<\/p>\n","protected":false},"author":1,"featured_media":0,"parent":0,"menu_order":0,"comment_status":"closed","ping_status":"closed","template":"page-templates\/full-width.php","meta":{"give_campaign_id":0,"dwc-title":[],"dwc-content":[],"_monsterinsights_skip_tracking":false,"_monsterinsights_sitenote_active":false,"_monsterinsights_sitenote_note":"","_monsterinsights_sitenote_category":0,"footnotes":""},"class_list":["post-85","page","type-page","status-publish","hentry"],"campaignId":"","_hostinger_reach_plugin_has_subscription_block":false,"_hostinger_reach_plugin_is_elementor":false,"_links":{"self":[{"href":"https:\/\/oneforces.space\/index.php?rest_route=\/wp\/v2\/pages\/85","targetHints":{"allow":["GET"]}}],"collection":[{"href":"https:\/\/oneforces.space\/index.php?rest_route=\/wp\/v2\/pages"}],"about":[{"href":"https:\/\/oneforces.space\/index.php?rest_route=\/wp\/v2\/types\/page"}],"author":[{"embeddable":true,"href":"https:\/\/oneforces.space\/index.php?rest_route=\/wp\/v2\/users\/1"}],"replies":[{"embeddable":true,"href":"https:\/\/oneforces.space\/index.php?rest_route=%2Fwp%2Fv2%2Fcomments&post=85"}],"version-history":[{"count":32,"href":"https:\/\/oneforces.space\/index.php?rest_route=\/wp\/v2\/pages\/85\/revisions"}],"predecessor-version":[{"id":395,"href":"https:\/\/oneforces.space\/index.php?rest_route=\/wp\/v2\/pages\/85\/revisions\/395"}],"wp:attachment":[{"href":"https:\/\/oneforces.space\/index.php?rest_route=%2Fwp%2Fv2%2Fmedia&parent=85"}],"curies":[{"name":"wp","href":"https:\/\/api.w.org\/{rel}","templated":true}]}}