{"id":381,"date":"2026-01-06T22:20:51","date_gmt":"2026-01-06T22:20:51","guid":{"rendered":"https:\/\/oneforces.space\/?page_id=381"},"modified":"2026-01-06T22:20:51","modified_gmt":"2026-01-06T22:20:51","slug":"mot-de-passe-oublie","status":"publish","type":"page","link":"https:\/\/oneforces.space\/?page_id=381","title":{"rendered":"Mot de passe oubli\u00e9"},"content":{"rendered":"<div class=\"pmagic\">  \n <div class=\"pm-login-box pm-dbfl pm-border pm-radius5\"> \n\n \n \n <form id=\"lostpasswordform\" class=\"pmagic-form pm-dbfl pm-bg-lt\"\n       action=\"https:\/\/oneforces.space\/wp-login.php?action=lostpassword\" method=\"post\">\n\n     <input type=\"hidden\" name=\"pm_password_nonce\" value=\"4e7a9d1442\" \/>\n     <div class=\"pm-login-header pm-dbfl pm-bg pm-border-bt pm-pad10\">\n         Si vous avez perdu votre mot de passe, nous pouvons vous aider \u00e0 le r\u00e9initialiser. Pour lancer le processus de r\u00e9initialisation du mot de passe, veuillez entrer votre nom d&#039;utilisateur ou votre email dans la case ci-dessous et cliquer sur le bouton.     <\/div>\n\n     <input type=\"text\" \n            name=\"user_login\" \n            id=\"user_login\" \n            placeholder=\"Identifiant ou adresse e-mail\">\n\n     <div class=\"pm-login-box-bottom-container pm-dbfl pm-bg pm-border\">\n         <input type=\"submit\" name=\"submit\" class=\"lostpassword-button\"\n                value=\"Modifier le mot de passe\"\/>\n     <\/div>\n\n <\/form>\n\n \n <\/div>\n<\/div>\n\n","protected":false},"excerpt":{"rendered":"","protected":false},"author":1,"featured_media":0,"parent":0,"menu_order":0,"comment_status":"closed","ping_status":"closed","template":"","meta":{"give_campaign_id":0,"dwc-title":[],"dwc-content":[],"_monsterinsights_skip_tracking":false,"_monsterinsights_sitenote_active":false,"_monsterinsights_sitenote_note":"","_monsterinsights_sitenote_category":0,"footnotes":""},"class_list":["post-381","page","type-page","status-publish","hentry"],"campaignId":"","_hostinger_reach_plugin_has_subscription_block":false,"_hostinger_reach_plugin_is_elementor":false,"_links":{"self":[{"href":"https:\/\/oneforces.space\/index.php?rest_route=\/wp\/v2\/pages\/381","targetHints":{"allow":["GET"]}}],"collection":[{"href":"https:\/\/oneforces.space\/index.php?rest_route=\/wp\/v2\/pages"}],"about":[{"href":"https:\/\/oneforces.space\/index.php?rest_route=\/wp\/v2\/types\/page"}],"author":[{"embeddable":true,"href":"https:\/\/oneforces.space\/index.php?rest_route=\/wp\/v2\/users\/1"}],"replies":[{"embeddable":true,"href":"https:\/\/oneforces.space\/index.php?rest_route=%2Fwp%2Fv2%2Fcomments&post=381"}],"version-history":[{"count":0,"href":"https:\/\/oneforces.space\/index.php?rest_route=\/wp\/v2\/pages\/381\/revisions"}],"wp:attachment":[{"href":"https:\/\/oneforces.space\/index.php?rest_route=%2Fwp%2Fv2%2Fmedia&parent=381"}],"curies":[{"name":"wp","href":"https:\/\/api.w.org\/{rel}","templated":true}]}}