{"id":373,"date":"2026-01-06T22:20:51","date_gmt":"2026-01-06T22:20:51","guid":{"rendered":"https:\/\/oneforces.space\/?page_id=373"},"modified":"2026-01-06T22:20:51","modified_gmt":"2026-01-06T22:20:51","slug":"groupe-dutilisateurs-par-defaut","status":"publish","type":"page","link":"https:\/\/oneforces.space\/?page_id=373","title":{"rendered":"Groupe d&#8217;utilisateurs par d\u00e9faut"},"content":{"rendered":"<div class=\"pmagic\">\n    <div class=\"pg-group-box-wrap pg-single-group-card-box\">\n           <div class=\"pm-group-card-box pm-dbfl pm-border-bt\">\n         <div class=\"pm-group-card pm-dbfl pm-border pm-bg pm-radius5\">\n            <div class=\"pm-group-title pm-dbfl pm-bg-lt pm-pad10 pm-border-bt\">\n            <i class=\"fa fa-users\" aria-hidden=\"true\"><\/i>\n\t\t\tGroupe d&#039;utilisateurs par d\u00e9faut                        <\/div>\n             <div class=\"pm-group-image pm-difl pm-border\">\n                  <img fetchpriority=\"high\" decoding=\"async\" width=\"780\" height=\"585\" src=\"https:\/\/oneforces.space\/wp-content\/uploads\/2026\/01\/logo.webp\" class=\"\" alt=\"\" srcset=\"https:\/\/oneforces.space\/wp-content\/uploads\/2026\/01\/logo.webp 780w, https:\/\/oneforces.space\/wp-content\/uploads\/2026\/01\/logo-600x450.webp 600w, https:\/\/oneforces.space\/wp-content\/uploads\/2026\/01\/logo-300x225.webp 300w, https:\/\/oneforces.space\/wp-content\/uploads\/2026\/01\/logo-768x576.webp 768w\" sizes=\"100vw\" \/>                   \n                  \t\t\t\t<div class=\"pm-group-signup\">\n                                    <button onclick=\"window.location.href='https:\/\/oneforces.space\/?page_id=371&#038;gid=1'\" class=\"pm_button\">Join Group<\/button>\t\t\t\t<\/div>                \n\t\t\t\t                 \n             <\/div>\n             <div class=\"pm-group-description pm-difl pm-bg pm-pad10 pm-border\">\n         \n         \t\t                 <div class=\"pm-card-row pm-dbfl\">\n                    <div class=\"pm-card-label pm-difl\">Membres<\/div>\n                    <div class=\"pm-card-value pm-difl\">4<\/div>\n                 <\/div>\n                                  \n                                   <div class=\"pm-card-row pm-dbfl\">\n                    <div class=\"pm-card-label pm-difl\">D\u00e9tails<\/div>\n                    <div class=\"pm-card-value pm-difl\">C'est le groupe d'utilisateurs par d\u00e9faut. Ce groupe est automatiquement attribu\u00e9 \u00e0 tous les utilisateurs enregistr\u00e9s existants. Les groupes peuvent \u00eatre modifi\u00e9s ou supprim\u00e9s par l'administrateur.<\/div>\n                 <\/div>\n                                               <\/div>\n           <\/div>\n           \n           \n\n        <\/div>\n   \n          <div id=\"pg_group_tabs\" class=\"pm-section-nav-horizental pm-dbfl\">\n        <ul class=\"pm-difl pm-profile-tab-wrap pm-border-bt\">\t\n                        <li class=\"pm-profile-tab pm-pad10\"><a class=\"pm-dbfl\" href=\"#pg_members\">Membres<\/a><\/li>\n                                     \n        <\/ul>\n                <div id=\"pg_members\" class=\"pm-dbfl pg-profile-tab-content\">\n        <input type=\"hidden\" id=\"pg-gid\" name=\"pg-gid\" value=\"1\">\n        <div class=\"pg-group-setting-head pm-dbfl pm-bg pg-group-filters-head\">\n        <div class=\"pg-group-sorting-ls pg-members-sortby pm-difl \">\n            <div class=\"pg-sortby-alpha pm-difl\">\n                <span class=\"pg-group-sorting-title pm-difl\">Trier par<\/span>\n            <span class=\"pg-sort-dropdown pm-border pm-difl\">\n                <select class=\"pg-custom-select\" name=\"member_sort_by_grid\" id=\"member_sort_by_grid\" onchange=\"pm_get_all_users_from_group_grid_view(1,'grid')\">\n                    <option value=\"oldest_first\"  selected='selected'>Oldest<\/option>\n                    <option value=\"latest_first\"  >Newest<\/option>\n                    <option value=\"first_name_asc\"  >Pr\u00e9nom ordre alphab\u00e9tique A-Z<\/option>\n                    <option value=\"first_name_desc\"  >Pr\u00e9nom ordre alphab\u00e9tique Z-A<\/option>\n                    <option value=\"last_name_asc\"  >Nom ordre alphab\u00e9tique A-Z<\/option>\n                    <option value=\"last_name_desc\"  >Nom ordre alphab\u00e9tique Z-A<\/option>\n\n                <\/select>\n            <\/span>\n                <\/div>\n            \n        <\/div>\n      \n        <div class=\"pg-group-sorting-rs pm-difr\">\n           <div class=\"pg-members-sortby\">\n                <span class=\"pg-sort-dropdown pm-border\">\n                    <select class=\"pg-custom-select\" id=\"member_search_in_grid\" name=\"member_search_in_grid\" onchange=\"pm_get_all_users_from_group_grid_view(1,'grid')\">\n                        <option value=\"\">S\u00e9lectionnez un champ<\/option>\n                        <option value=\"user_login\">Username<\/option><option value=\"first_name\">First Name<\/option><option value=\"last_name\">Last Name<\/option><option value=\"user_email\">Email<\/option><option value=\"user_url\">Website<\/option><option value=\"description\">Biographical Info<\/option>                    <\/select>\n                <\/span>\n\n            <\/div>\n            <div class=\" pg-member-search\"><input type=\"text\" name=\"member_search_grid\" id=\"member_search_grid\" placeholder=\"Rechercher\" onkeyup=\"pm_get_all_users_from_group_grid_view(1,'grid')\"><\/div>\n        <\/div>\n\n    <\/div>    \n        \n            <div id=\"pg_members_grid_view\">    \n            \n            \n        \n        <div class=\"pm-user-card pm-difl pm-border pm-radius5\">\n                        <div class=\"pm-user-card-cover pm-dbfl\">\n                <img decoding=\"async\" src=\"https:\/\/oneforces.space\/wp-content\/plugins\/profilegrid-user-profiles-groups-and-communities\/includes\/..\/public\/partials\/images\/admin-default-cover.jpg\" class=\"150\" \/>                <\/div>\n                        <a href=\"https:\/\/oneforces.space\/?page_id=379&#038;uid=1\"><div class=\"pm-user-image pm-dbfl pm-bg-lt \"><img decoding=\"async\" src=\"https:\/\/oneforces.space\/wp-content\/plugins\/profilegrid-user-profiles-groups-and-communities\/public\/\/partials\/images\/admin-default-user.png\" width=\"150\" height=\"150\" class=\"user-profile-image\" \/><\/div><\/a>\n                        <div class=\"pm-user-description pm-dbfl pm-bg-lt\">\n                <div class=\"pm-user-card-title pm-dbfl pm-pad10 pm-bg-lt pm-clip\">\n                                    <a href=\"https:\/\/oneforces.space\/?page_id=379&#038;uid=1\">soulemaneismael@web.de <\/a>\n                                                    <\/div>\n                                  \n            <\/div>\n                      <\/div>         \n      \t        \n        <div class=\"pm-user-card pm-difl pm-border pm-radius5\">\n                        <div class=\"pm-user-card-cover pm-dbfl\">\n                <img decoding=\"async\" src=\"https:\/\/oneforces.space\/wp-content\/plugins\/profilegrid-user-profiles-groups-and-communities\/includes\/..\/public\/partials\/images\/default-cover.jpg\" class=\"150\" \/>                <\/div>\n                        <a href=\"https:\/\/oneforces.space\/?page_id=379&#038;uid=2\"><div class=\"pm-user-image pm-dbfl pm-bg-lt \"><img decoding=\"async\" src=\"https:\/\/oneforces.space\/wp-content\/plugins\/profilegrid-user-profiles-groups-and-communities\/public\/\/partials\/images\/default-user.png\" width=\"150\" height=\"150\" class=\"user-profile-image\" \/><\/div><\/a>\n                        <div class=\"pm-user-description pm-dbfl pm-bg-lt\">\n                <div class=\"pm-user-card-title pm-dbfl pm-pad10 pm-bg-lt pm-clip\">\n                                    <a href=\"https:\/\/oneforces.space\/?page_id=379&#038;uid=2\">jenny jenny <\/a>\n                                                    <\/div>\n                                  \n            <\/div>\n                      <\/div>         \n      \t        \n        <div class=\"pm-user-card pm-difl pm-border pm-radius5\">\n                        <div class=\"pm-user-card-cover pm-dbfl\">\n                <img decoding=\"async\" src=\"https:\/\/oneforces.space\/wp-content\/plugins\/profilegrid-user-profiles-groups-and-communities\/includes\/..\/public\/partials\/images\/default-cover.jpg\" class=\"150\" \/>                <\/div>\n                        <a href=\"https:\/\/oneforces.space\/?page_id=379&#038;uid=3\"><div class=\"pm-user-image pm-dbfl pm-bg-lt \"><img decoding=\"async\" src=\"https:\/\/oneforces.space\/wp-content\/plugins\/profilegrid-user-profiles-groups-and-communities\/public\/\/partials\/images\/default-user.png\" width=\"150\" height=\"150\" class=\"user-profile-image\" \/><\/div><\/a>\n                        <div class=\"pm-user-description pm-dbfl pm-bg-lt\">\n                <div class=\"pm-user-card-title pm-dbfl pm-pad10 pm-bg-lt pm-clip\">\n                                    <a href=\"https:\/\/oneforces.space\/?page_id=379&#038;uid=3\">info info <\/a>\n                                                    <\/div>\n                                  \n            <\/div>\n                      <\/div>         \n      \t        \n        <div class=\"pm-user-card pm-difl pm-border pm-radius5\">\n                        <div class=\"pm-user-card-cover pm-dbfl\">\n                <img decoding=\"async\" src=\"https:\/\/oneforces.space\/wp-content\/plugins\/profilegrid-user-profiles-groups-and-communities\/includes\/..\/public\/partials\/images\/default-cover.jpg\" class=\"150\" \/>                <\/div>\n                        <a href=\"https:\/\/oneforces.space\/?page_id=379&#038;uid=4\"><div class=\"pm-user-image pm-dbfl pm-bg-lt \"><img decoding=\"async\" src=\"https:\/\/oneforces.space\/wp-content\/plugins\/profilegrid-user-profiles-groups-and-communities\/public\/\/partials\/images\/default-user.png\" width=\"150\" height=\"150\" class=\"user-profile-image\" \/><\/div><\/a>\n                        <div class=\"pm-user-description pm-dbfl pm-bg-lt\">\n                <div class=\"pm-user-card-title pm-dbfl pm-pad10 pm-bg-lt pm-clip\">\n                                    <a href=\"https:\/\/oneforces.space\/?page_id=379&#038;uid=4\">Soulemane Ismael <\/a>\n                                                    <\/div>\n                                  \n            <\/div>\n                      <\/div>         \n      \t<div class=\"pm_clear\"><\/div><div class=\"pm-member-pagination-grid\"><\/div>            <\/div>  \n          <\/div>\n                        \n        \n      <\/div>\n            \n<\/div>\n    <\/div>\n<div class=\"pm-popup-mask\"><\/div>    \n\n<div id=\"pm-edit-group-popup\" style=\"display: none;\">\n    <div class=\"pm-popup-container\" id=\"pg_edit_group_html_container\">\n     \n        \n    <\/div>\n<\/div>\n\n\n","protected":false},"excerpt":{"rendered":"","protected":false},"author":1,"featured_media":0,"parent":0,"menu_order":0,"comment_status":"closed","ping_status":"closed","template":"","meta":{"give_campaign_id":0,"dwc-title":[],"dwc-content":[],"_monsterinsights_skip_tracking":false,"_monsterinsights_sitenote_active":false,"_monsterinsights_sitenote_note":"","_monsterinsights_sitenote_category":0,"footnotes":""},"class_list":["post-373","page","type-page","status-publish","hentry"],"campaignId":"","_hostinger_reach_plugin_has_subscription_block":false,"_hostinger_reach_plugin_is_elementor":false,"_links":{"self":[{"href":"https:\/\/oneforces.space\/index.php?rest_route=\/wp\/v2\/pages\/373","targetHints":{"allow":["GET"]}}],"collection":[{"href":"https:\/\/oneforces.space\/index.php?rest_route=\/wp\/v2\/pages"}],"about":[{"href":"https:\/\/oneforces.space\/index.php?rest_route=\/wp\/v2\/types\/page"}],"author":[{"embeddable":true,"href":"https:\/\/oneforces.space\/index.php?rest_route=\/wp\/v2\/users\/1"}],"replies":[{"embeddable":true,"href":"https:\/\/oneforces.space\/index.php?rest_route=%2Fwp%2Fv2%2Fcomments&post=373"}],"version-history":[{"count":0,"href":"https:\/\/oneforces.space\/index.php?rest_route=\/wp\/v2\/pages\/373\/revisions"}],"wp:attachment":[{"href":"https:\/\/oneforces.space\/index.php?rest_route=%2Fwp%2Fv2%2Fmedia&parent=373"}],"curies":[{"name":"wp","href":"https:\/\/api.w.org\/{rel}","templated":true}]}}